{"id":253,"date":"2019-01-24T22:09:31","date_gmt":"2019-01-24T20:09:31","guid":{"rendered":"http:\/\/milosdiving.sokarisg.eu\/?page_id=87"},"modified":"2025-01-12T19:31:32","modified_gmt":"2025-01-12T17:31:32","slug":"prices","status":"publish","type":"page","link":"https:\/\/milosdiving.gr\/?page_id=253&lang=el","title":{"rendered":"\u03a4\u03b9\u03bc\u03bf\u03ba\u03b1\u03c4\u03ac\u03bb\u03bf\u03b3\u03bf\u03c2"},"content":{"rendered":"<p><strong>INTRODUCTION DIVES FROM THE BEACH \u00a0\u00a0\u00a0\u00a0\u00a0\u00a0\u00a0\u00a0\u00a0\u00a0\u00a0\u00a0\u00a0\u00a0\u00a0\u00a0\u00a0\u00a0\u00a0\u00a0\u00a0\u00a0\u00a0\u00a0\u00a0\u00a0 100 EURO<\/strong><\/p>\n<p><strong>(BAPTEME DE PLONGEE DEPUIS LA PLAGE)<\/strong><\/p>\n<ul>\n<li><strong>Briefing, entry into the water from the beach, maximum depth 6 meters, depending on the student&#8217;s comfort<\/strong><\/li>\n<li><strong>duration: about 2 hours<\/strong><\/li>\n<\/ul>\n<p>&nbsp;<\/p>\n<ul>\n<li>Informations, entr\u00e9e dans l&#8217;eau depuis la plage, profondeur maximale 6 m\u00e8tres, selon le confort de l&#8217;\u00e9l\u00e8ve<\/li>\n<\/ul>\n<p>Dur\u00e9e : environ 2 heures<\/p>\n<p>&nbsp;<\/p>\n<p>&nbsp;<\/p>\n<p><strong>INTRODUCTION DIVE FROM THE BOAT\u00a0\u00a0\u00a0\u00a0\u00a0\u00a0\u00a0\u00a0\u00a0\u00a0\u00a0\u00a0\u00a0\u00a0\u00a0\u00a0\u00a0\u00a0\u00a0 150 EURO<\/strong><\/p>\n<p><strong>(BAPTEME DE PLONGEE AVEC LE BATEAU)<\/strong><\/p>\n<p><strong>SMALL INTRO DIVE FROM THE BEACH WITH<\/strong><\/p>\n<p><strong>EXERICES DONE THE DAY BEFORE<\/strong><\/p>\n<p><strong>ON A DIVING SITE OF ANY BEAUTY<\/strong><\/p>\n","protected":false},"excerpt":{"rendered":"<p>INTRODUCTION DIVES FROM THE BEACH \u00a0\u00a0\u00a0\u00a0\u00a0\u00a0\u00a0\u00a0\u00a0\u00a0\u00a0\u00a0\u00a0\u00a0\u00a0\u00a0\u00a0\u00a0\u00a0\u00a0\u00a0\u00a0\u00a0\u00a0\u00a0\u00a0 100 EURO (BAPTEME DE PLONGEE DEPUIS LA PLAGE) Briefing, entry into the water from the beach, [&hellip;]<\/p>\n","protected":false},"author":1,"featured_media":0,"parent":0,"menu_order":0,"comment_status":"closed","ping_status":"closed","template":"","meta":[],"_links":{"self":[{"href":"https:\/\/milosdiving.gr\/index.php?rest_route=\/wp\/v2\/pages\/253"}],"collection":[{"href":"https:\/\/milosdiving.gr\/index.php?rest_route=\/wp\/v2\/pages"}],"about":[{"href":"https:\/\/milosdiving.gr\/index.php?rest_route=\/wp\/v2\/types\/page"}],"author":[{"embeddable":true,"href":"https:\/\/milosdiving.gr\/index.php?rest_route=\/wp\/v2\/users\/1"}],"replies":[{"embeddable":true,"href":"https:\/\/milosdiving.gr\/index.php?rest_route=%2Fwp%2Fv2%2Fcomments&post=253"}],"version-history":[{"count":7,"href":"https:\/\/milosdiving.gr\/index.php?rest_route=\/wp\/v2\/pages\/253\/revisions"}],"predecessor-version":[{"id":652,"href":"https:\/\/milosdiving.gr\/index.php?rest_route=\/wp\/v2\/pages\/253\/revisions\/652"}],"wp:attachment":[{"href":"https:\/\/milosdiving.gr\/index.php?rest_route=%2Fwp%2Fv2%2Fmedia&parent=253"}],"curies":[{"name":"wp","href":"https:\/\/api.w.org\/{rel}","templated":true}]}}