{"id":250,"date":"2019-01-27T09:02:23","date_gmt":"2019-01-27T07:02:23","guid":{"rendered":"http:\/\/milosdiving.sokarisg.eu\/?page_id=218"},"modified":"2019-01-27T09:02:23","modified_gmt":"2019-01-27T07:02:23","slug":"gwolle_gb-2-2","status":"publish","type":"page","link":"https:\/\/milosdiving.gr\/?page_id=250&lang=fr","title":{"rendered":"Livre d&#39;or"},"content":{"rendered":"<div class=\"gwolle-gb\"><div class=\"gwolle-gb-messages-top-container\"><\/div>\n\t\t\t<div class=\"gwolle-gb-write-button\">\n\t\t\t\t<input type=\"button\" name=\"gwolle-gb-write-button\" class=\"button btn btn-default \" value=\"Write a new entry.\" aria-expanded=\"false\" \/>\n\t\t\t<\/div>\n\t\t\t<form action=\"#\" method=\"POST\" class=\"gwolle-gb-write gwolle-gb-hide gwolle-gb-float gwolle-gb-form-ajax gwolle-gb-ajax gwolle-gb-not-logged-in\">\n\t\t\t\t<h3>Write a new entry for the Guestbook<\/h3>\n\t\t\t\t<button type=\"button\" class=\"gb-notice-dismiss\">x<span class=\"screen-reader-text\">Hide this form.<\/span><\/button>\n\t\t\t\n\t\t\t\t<input type=\"hidden\" name=\"gwolle_gb_function\" class=\"gwolle_gb_function\" value=\"add_entry\" \/><input type=\"hidden\" name=\"gwolle_gb_book_id\" class=\"gwolle_gb_book_id\" value=\"1\" \/><div class=\"gwolle_gb_73300d142a78da42b6b35990a510d14b\">\n\t\t\t\t<div class=\"label\"><label for=\"gwolle_gb_73300d142a78da42b6b35990a510d14b-1\" class=\"text-info\">Name <span class=\"required\">*<\/span><\/label><\/div>\n\t\t\t\t<div class=\"input\"><input class=\"wp-exclude-emoji gwolle_gb_73300d142a78da42b6b35990a510d14b\" value=\"\" type=\"text\" id=\"gwolle_gb_73300d142a78da42b6b35990a510d14b-1\" name=\"gwolle_gb_73300d142a78da42b6b35990a510d14b\" required \/><\/div>\n\t\t\t\t<div class=\"clearBoth\">&nbsp;<\/div>\n\t\t\t<\/div><div class=\"gwolle_gb_4f40b88a06de90154b477d68ceb99009\">\n\t\t\t\t\t<div class=\"label\"><label for=\"gwolle_gb_4f40b88a06de90154b477d68ceb99009-1\" class=\"text-info\">City<\/label><\/div>\n\t\t\t\t\t<div class=\"input\"><input class=\"wp-exclude-emoji gwolle_gb_4f40b88a06de90154b477d68ceb99009\" value=\"\" type=\"text\" id=\"gwolle_gb_4f40b88a06de90154b477d68ceb99009-1\" name=\"gwolle_gb_4f40b88a06de90154b477d68ceb99009\" \/><\/div>\n\t\t\t\t\t<div class=\"clearBoth\">&nbsp;<\/div>\n\t\t\t\t<\/div><div class=\"gwolle_gb_c40b7c87ee2d4d7e9978e5ab1f2cd577\">\n\t\t\t\t<div class=\"label\"><label for=\"gwolle_gb_c40b7c87ee2d4d7e9978e5ab1f2cd577-1\" class=\"text-info\">Email <span class=\"required\">*<\/span><\/label><\/div>\n\t\t\t\t<div class=\"input\"><input class=\"gwolle_gb_c40b7c87ee2d4d7e9978e5ab1f2cd577\" value=\"\" type=\"email\" id=\"gwolle_gb_c40b7c87ee2d4d7e9978e5ab1f2cd577-1\" name=\"gwolle_gb_c40b7c87ee2d4d7e9978e5ab1f2cd577\" required \/><\/div>\n\t\t\t\t<div class=\"clearBoth\">&nbsp;<\/div>\n\t\t\t<\/div><div class=\"gwolle_gb_0f8e035c4371fae7525fe036c3e3e9b0\">\n\t\t\t\t<div class=\"label\"><label for=\"gwolle_gb_0f8e035c4371fae7525fe036c3e3e9b0-1\" class=\"text-info\">Website<\/label><\/div>\n\t\t\t\t<div class=\"input\"><input class=\"gwolle_gb_0f8e035c4371fae7525fe036c3e3e9b0\" value=\"\" type=\"url\" id=\"gwolle_gb_0f8e035c4371fae7525fe036c3e3e9b0-1\" name=\"gwolle_gb_0f8e035c4371fae7525fe036c3e3e9b0\" \/><\/div>\n\t\t\t\t<div class=\"clearBoth\">&nbsp;<\/div>\n\t\t\t<\/div>\n\t\t\t<div class=\"gwolle_gb_17ea4d045fe1d9173b7242896daf008a\" style=\"display:none;overflow:hidden;\" hidden=\"true\" aria-hidden=\"true\">\n\t\t\t\t<div class=\"label\">\n\t\t\t\t\t<label for=\"gwolle_gb_17ea4d045fe1d9173b7242896daf008a-1\" class=\"text-primary\">Do not touch this<\/label>\n\t\t\t\t\t<label for=\"gwolle_gb_f4d296b07102420ef9d5efac8c4c5176-1\" class=\"text-primary\">Do not touch this<\/label>\n\t\t\t\t<\/div>\n\t\t\t\t<div class=\"input\">\n\t\t\t\t\t<input value=\"43\" type=\"text\" id=\"gwolle_gb_17ea4d045fe1d9173b7242896daf008a-1\" name=\"gwolle_gb_17ea4d045fe1d9173b7242896daf008a\" class=\"gwolle_gb_17ea4d045fe1d9173b7242896daf008a\" style=\"transform: translateY(10000px);\" \/>\n\t\t\t\t\t<input value=\"\" type=\"text\" name=\"gwolle_gb_f4d296b07102420ef9d5efac8c4c5176\" id=\"gwolle_gb_f4d296b07102420ef9d5efac8c4c5176-1\" class=\"gwolle_gb_f4d296b07102420ef9d5efac8c4c5176\" style=\"transform: translateY(10000px);\" \/>\n\t\t\t\t<\/div>\n\t\t\t\t<div class=\"clearBoth\"><\/div>\n\t\t\t<\/div>\n\t\t\t<div class=\"gwolle_gb_60853f241b9a1d74e1a6e4efa2aecbb5\" style=\"display:none;overflow:hidden;\" hidden=\"true\" aria-hidden=\"true\">\n\t\t\t\t<div class=\"label\">\n\t\t\t\t\t<label for=\"gwolle_gb_60853f241b9a1d74e1a6e4efa2aecbb5-1\" class=\"text-primary\">Do not touch this<\/label>\n\t\t\t\t\t<label for=\"gwolle_gb_22773c2faa4ca85b38e91b6bf2cfae84-1\" class=\"text-primary\">Do not touch this<\/label>\n\t\t\t\t<\/div>\n\t\t\t\t<div class=\"input\">\n\t\t\t\t\t<input value=\"89450\" type=\"text\" id=\"gwolle_gb_60853f241b9a1d74e1a6e4efa2aecbb5-1\" name=\"gwolle_gb_60853f241b9a1d74e1a6e4efa2aecbb5\" class=\"gwolle_gb_60853f241b9a1d74e1a6e4efa2aecbb5\" style=\"transform: translateY(10000px);\" \/>\n\t\t\t\t\t<input value=\"89450\" type=\"text\"id=\"gwolle_gb_22773c2faa4ca85b38e91b6bf2cfae84-1\" name=\"gwolle_gb_22773c2faa4ca85b38e91b6bf2cfae84\" class=\"gwolle_gb_22773c2faa4ca85b38e91b6bf2cfae84\" style=\"transform: translateY(10000px);\" \/>\n\t\t\t\t<\/div>\n\t\t\t\t<div class=\"clearBoth\"><\/div>\n\t\t\t<\/div><div class=\"gwolle_gb_content\">\n\t\t\t\t<div class=\"label\"><label for=\"gwolle_gb_content-1\" class=\"text-info\">Guestbook entry <span class=\"required\">*<\/span><\/label><\/div>\n\t\t\t\t<div class=\"input\"><textarea id=\"gwolle_gb_content-1\" name=\"gwolle_gb_content\" class=\"gwolle_gb_content wp-exclude-emoji\" required ><\/textarea><\/div>\n\t\t\t\t\t<div class=\"clearBoth\">&nbsp;<\/div>\n\t\t\t\t<\/div><input type=\"hidden\" class=\"gwolle_gb_134b1f8d1eef735d8a1de207f0848b9b\" id=\"gwolle_gb_134b1f8d1eef735d8a1de207f0848b9b-1\" name=\"gwolle_gb_134b1f8d1eef735d8a1de207f0848b9b\" value=\"47c12d788d\" \/>\n\t\t\t<div class=\"gwolle-gb-messages-bottom-container\"><\/div>\n\n\t\t\t<noscript><div class=\"no-js\">Warning: This form can only be used if JavaScript is enabled in your browser.<\/div><\/noscript>\n\n\t\t\t<div class=\"gwolle_gb_submit gwolle-gb-submit\">\n\t\t\t\t<div class=\"label gwolle-gb-invisible text-muted\">&nbsp;<\/div>\n\t\t\t\t<div class=\"input\">\n\t\t\t\t\t<input type=\"submit\" name=\"gwolle_gb_submit\" class=\"gwolle_gb_submit button btn btn-primary \" value=\"Submit\" \/>\n\t\t\t\t\t<span class=\"gwolle_gb_submit_ajax_icon gwolle-gb-submit-ajax-icon\"><\/span>\n\t\t\t\n\t\t\t\t<\/div>\n\t\t\t\t<div class=\"clearBoth\">&nbsp;<\/div>\n\t\t\t<\/div>\n\n\t\t\t<div class=\"gwolle_gb_notice gwolle-gb-notice\">\n\t\t\t\t<br \/>\nFields marked with * are required.<br \/>\nYour E-mail address won&#039;t be published.<br \/>\nIt&#039;s possible that your entry will only be visible in the guestbook after we reviewed it.<br \/>\nWe reserve the right to edit, delete, or not publish entries.<br \/>\n\n\t\t\t<\/div><\/form><div class=\"gwolle-gb-read gwolle-gb-ajax gwolle-gb-entries-list\" data-book_id=\"1\" data-page_id=\"1\">\n\t\t<div id=\"gwolle-gb-total\" class=\"gwolle-gb-total\">8 entries.<\/div><!-- Gwolle-GB Entry: Default Template Loaded -->\n\t\t\t\t<div class=\"gb-entry gb-entry_80 gb-entry-count_1 gwolle-gb-uneven gwolle-gb-first\" id=\"gb-entry_80\" data-entry_id=\"80\">\n\t\t\t\t<article>\n\t\t\t\t\t<div class=\"gb-author-info\">\n\t\t\t\t\t\t<span class=\"gb-author-avatar\"><img referrerpolicy=\"no-referrer\" alt='Stavros Ketseas' src='https:\/\/secure.gravatar.com\/avatar\/730b20b2d91f2a3bbb6c3caa89ee30c4?s=32&#038;d=mm&#038;r=g' srcset='https:\/\/secure.gravatar.com\/avatar\/730b20b2d91f2a3bbb6c3caa89ee30c4?s=64&#038;d=mm&#038;r=g 2x' class='avatar avatar-32 photo' height='32' width='32' loading='lazy'\/><\/span>\n\t\t\t\t\t\t<span class=\"gb-author-name\">Stavros Ketseas\n\t\t\t\t\t\t<\/span>\n\t\t\t\t\t\t<span class=\"gb-author-origin\">\n\t\t\t\t\t\t\t<span class=\"gb-author-origin-from-text\"> from<\/span>\n\t\t\t\t\t\t\t<span class=\"gb-author-origin-text\"> Alimos<\/span>\n\t\t\t\t\t\t<\/span>\n\t\t\t\t\t\t<span class=\"gb-datetime\">\n\t\t\t\t\t\t\t<span class=\"gb-date\"><span class=\"gb-date-wrote-text\"> wrote on<\/span><span class=\"gb-date-text\"> July 2, 2021<\/span>\n\t\t\t\t\t\t\t<\/span><span class=\"gb-time\">\n\t\t\t\t\t\t\t\t\t<span class=\"gb-time-at-text\"> at<\/span>\n\t\t\t\t\t\t\t\t\t<span class=\"gb-time-text\"> 10:17 am<\/span>\n\t\t\t\t\t\t\t\t<\/span>\n\t\t\t\t\t\t<\/span> \n\t\t\t\t\t<\/div>\n\t\t\t\t\t<div class=\"gb-entry-content\">The scenery was breathtaking. The stuff is very kind , helpfull , well experienced and I would definitely recommend this unique life experience. Milos is the best island I have ever visited so far.\n\t\t\t\t\t<\/div>\n\t\t\t\t<\/article>\n\t\t\t<\/div>\n\t\t\t<div class=\"gb-entry gb-entry_64 gb-entry-count_2 gwolle-gb-even\" id=\"gb-entry_64\" data-entry_id=\"64\">\n\t\t\t\t<article>\n\t\t\t\t\t<div class=\"gb-author-info\">\n\t\t\t\t\t\t<span class=\"gb-author-avatar\"><img referrerpolicy=\"no-referrer\" alt='Bellanger-Urbanczyk' src='https:\/\/secure.gravatar.com\/avatar\/4bdc05912266b36bfa3309210b23b8b4?s=32&#038;d=mm&#038;r=g' srcset='https:\/\/secure.gravatar.com\/avatar\/4bdc05912266b36bfa3309210b23b8b4?s=64&#038;d=mm&#038;r=g 2x' class='avatar avatar-32 photo' height='32' width='32' loading='lazy'\/><\/span>\n\t\t\t\t\t\t<span class=\"gb-author-name\">Bellanger-Urbanczyk\n\t\t\t\t\t\t<\/span>\n\t\t\t\t\t\t<span class=\"gb-author-origin\">\n\t\t\t\t\t\t\t<span class=\"gb-author-origin-from-text\"> from<\/span>\n\t\t\t\t\t\t\t<span class=\"gb-author-origin-text\"> Les sables d olonne<\/span>\n\t\t\t\t\t\t<\/span>\n\t\t\t\t\t\t<span class=\"gb-datetime\">\n\t\t\t\t\t\t\t<span class=\"gb-date\"><span class=\"gb-date-wrote-text\"> wrote on<\/span><span class=\"gb-date-text\"> September 17, 2020<\/span>\n\t\t\t\t\t\t\t<\/span><span class=\"gb-time\">\n\t\t\t\t\t\t\t\t\t<span class=\"gb-time-at-text\"> at<\/span>\n\t\t\t\t\t\t\t\t\t<span class=\"gb-time-text\"> 7:04 pm<\/span>\n\t\t\t\t\t\t\t\t<\/span>\n\t\t\t\t\t\t<\/span> \n\t\t\t\t\t<\/div>\n\t\t\t\t\t<div class=\"gb-entry-content\">Un petit club familial comme on aimerait en voir plus! Yannis et Maria sont \u00e0 la fois tr\u00e8s professionnels et chaleureux, avec Freddy comme saisonnier, le combo parfait! Des paysages sous marins \u00e0 couper le souffle, qui  laisseront un souvenir imp\u00e9rissable dans nos vies de plongeurs! Allez y les yeux ferm\u00e9s... et grands ouverts sous l\u2019eau!\nUn grand merci!\n\t\t\t\t\t<\/div>\n\t\t\t\t<\/article>\n\t\t\t<\/div>\n\t\t\t<div class=\"gb-entry gb-entry_62 gb-entry-count_3 gwolle-gb-uneven\" id=\"gb-entry_62\" data-entry_id=\"62\">\n\t\t\t\t<article>\n\t\t\t\t\t<div class=\"gb-author-info\">\n\t\t\t\t\t\t<span class=\"gb-author-avatar\"><img referrerpolicy=\"no-referrer\" alt='Ollivier' src='https:\/\/secure.gravatar.com\/avatar\/7f21c6ccb591e7eb661609b6b8223dd0?s=32&#038;d=mm&#038;r=g' srcset='https:\/\/secure.gravatar.com\/avatar\/7f21c6ccb591e7eb661609b6b8223dd0?s=64&#038;d=mm&#038;r=g 2x' class='avatar avatar-32 photo' height='32' width='32' loading='lazy'\/><\/span>\n\t\t\t\t\t\t<span class=\"gb-author-name\">Ollivier\n\t\t\t\t\t\t<\/span>\n\t\t\t\t\t\t<span class=\"gb-author-origin\">\n\t\t\t\t\t\t\t<span class=\"gb-author-origin-from-text\"> from<\/span>\n\t\t\t\t\t\t\t<span class=\"gb-author-origin-text\"> Nantes<\/span>\n\t\t\t\t\t\t<\/span>\n\t\t\t\t\t\t<span class=\"gb-datetime\">\n\t\t\t\t\t\t\t<span class=\"gb-date\"><span class=\"gb-date-wrote-text\"> wrote on<\/span><span class=\"gb-date-text\"> August 24, 2020<\/span>\n\t\t\t\t\t\t\t<\/span><span class=\"gb-time\">\n\t\t\t\t\t\t\t\t\t<span class=\"gb-time-at-text\"> at<\/span>\n\t\t\t\t\t\t\t\t\t<span class=\"gb-time-text\"> 1:31 pm<\/span>\n\t\t\t\t\t\t\t\t<\/span>\n\t\t\t\t\t\t<\/span> \n\t\t\t\t\t<\/div>\n\t\t\t\t\t<div class=\"gb-entry-content\">Merci \u00e0 Yannis et Freddy pour leurs plong\u00e9es au large des \u00eeles de Milos,  Poliegos et Kimolos, rien que \u00e7a!\nEt, la d\u00e9couverte de leurs fonds sous-marins et terrestres avec notamment la visite de cette fameuse mine abandonn\u00e9e de Poliegos guid\u00e9e par Freddy.\nTr\u00e8s bonne ambiance dans ce centre de plong\u00e9e o\u00f9 Yannis et Freddy furent tr\u00e8s accueillants en prodiguant de bons conseils pour visiter l\u2019\u00eele et s\u2019attarder notamment sur des sites historiques uniques : Ellenika, vestige de 2800 ans sous l\u2019eau \u00e0 d\u00e9couvrir, c\u2019est exceptionnel.\n\t\t\t\t\t<\/div>\n\t\t\t\t<\/article>\n\t\t\t<\/div>\n\t\t\t<div class=\"gb-entry gb-entry_59 gb-entry-count_4 gwolle-gb-even\" id=\"gb-entry_59\" data-entry_id=\"59\">\n\t\t\t\t<article>\n\t\t\t\t\t<div class=\"gb-author-info\">\n\t\t\t\t\t\t<span class=\"gb-author-avatar\"><img referrerpolicy=\"no-referrer\" alt='Martin' src='https:\/\/secure.gravatar.com\/avatar\/6be7c0c4501b98f7269faac9b780c3cb?s=32&#038;d=mm&#038;r=g' srcset='https:\/\/secure.gravatar.com\/avatar\/6be7c0c4501b98f7269faac9b780c3cb?s=64&#038;d=mm&#038;r=g 2x' class='avatar avatar-32 photo' height='32' width='32' loading='lazy'\/><\/span>\n\t\t\t\t\t\t<span class=\"gb-author-name\">Martin\n\t\t\t\t\t\t<\/span>\n\t\t\t\t\t\t<span class=\"gb-author-origin\">\n\t\t\t\t\t\t\t<span class=\"gb-author-origin-from-text\"> from<\/span>\n\t\t\t\t\t\t\t<span class=\"gb-author-origin-text\"> Bruck An Der Leitha<\/span>\n\t\t\t\t\t\t<\/span>\n\t\t\t\t\t\t<span class=\"gb-datetime\">\n\t\t\t\t\t\t\t<span class=\"gb-date\"><span class=\"gb-date-wrote-text\"> wrote on<\/span><span class=\"gb-date-text\"> July 28, 2020<\/span>\n\t\t\t\t\t\t\t<\/span><span class=\"gb-time\">\n\t\t\t\t\t\t\t\t\t<span class=\"gb-time-at-text\"> at<\/span>\n\t\t\t\t\t\t\t\t\t<span class=\"gb-time-text\"> 9:09 pm<\/span>\n\t\t\t\t\t\t\t\t<\/span>\n\t\t\t\t\t\t<\/span> \n\t\t\t\t\t<\/div>\n\t\t\t\t\t<div class=\"gb-entry-content\">Thank you Yannis! As always, great diving in Milos! Awesome boat ride, too \ud83d\ude42 !\n\t\t\t\t\t<\/div>\n\t\t\t\t<\/article>\n\t\t\t<\/div>\n\t\t\t<div class=\"gb-entry gb-entry_58 gb-entry-count_5 gwolle-gb-uneven\" id=\"gb-entry_58\" data-entry_id=\"58\">\n\t\t\t\t<article>\n\t\t\t\t\t<div class=\"gb-author-info\">\n\t\t\t\t\t\t<span class=\"gb-author-avatar\"><img referrerpolicy=\"no-referrer\" alt='Anne' src='https:\/\/secure.gravatar.com\/avatar\/2c50bf2c48681efa4c315c780bb81d3d?s=32&#038;d=mm&#038;r=g' srcset='https:\/\/secure.gravatar.com\/avatar\/2c50bf2c48681efa4c315c780bb81d3d?s=64&#038;d=mm&#038;r=g 2x' class='avatar avatar-32 photo' height='32' width='32' loading='lazy'\/><\/span>\n\t\t\t\t\t\t<span class=\"gb-author-name\">Anne\n\t\t\t\t\t\t<\/span>\n\t\t\t\t\t\t<span class=\"gb-author-origin\">\n\t\t\t\t\t\t\t<span class=\"gb-author-origin-from-text\"> from<\/span>\n\t\t\t\t\t\t\t<span class=\"gb-author-origin-text\"> Paris<\/span>\n\t\t\t\t\t\t<\/span>\n\t\t\t\t\t\t<span class=\"gb-datetime\">\n\t\t\t\t\t\t\t<span class=\"gb-date\"><span class=\"gb-date-wrote-text\"> wrote on<\/span><span class=\"gb-date-text\"> June 22, 2020<\/span>\n\t\t\t\t\t\t\t<\/span><span class=\"gb-time\">\n\t\t\t\t\t\t\t\t\t<span class=\"gb-time-at-text\"> at<\/span>\n\t\t\t\t\t\t\t\t\t<span class=\"gb-time-text\"> 7:02 pm<\/span>\n\t\t\t\t\t\t\t\t<\/span>\n\t\t\t\t\t\t<\/span> \n\t\t\t\t\t<\/div>\n\t\t\t\t\t<div class=\"gb-entry-content\">Depuis 4 ans, je plonge chaque \u00e9t\u00e9 avec Milos Diving Center. Une \u00e9quipe chaleureuse et attentionn\u00e9e, anim\u00e9e par Yannis, des eaux limpides et de belles d\u00e9couvertes \u00e0 chaque plong\u00e9e.\nAu plaisir de vous retrouver en juillet.\nAnne\n\t\t\t\t\t<\/div>\n\t\t\t\t<\/article>\n\t\t\t<\/div>\n\t\t\t<div class=\"gb-entry gb-entry_43 gb-entry-count_6 gwolle-gb-even\" id=\"gb-entry_43\" data-entry_id=\"43\">\n\t\t\t\t<article>\n\t\t\t\t\t<div class=\"gb-author-info\">\n\t\t\t\t\t\t<span class=\"gb-author-avatar\"><img referrerpolicy=\"no-referrer\" alt='Patrik GALLEY' src='https:\/\/secure.gravatar.com\/avatar\/d364674d58fcb0f4b72d126205033c06?s=32&#038;d=mm&#038;r=g' srcset='https:\/\/secure.gravatar.com\/avatar\/d364674d58fcb0f4b72d126205033c06?s=64&#038;d=mm&#038;r=g 2x' class='avatar avatar-32 photo' height='32' width='32' loading='lazy'\/><\/span>\n\t\t\t\t\t\t<span class=\"gb-author-name\">Patrik GALLEY\n\t\t\t\t\t\t<\/span>\n\t\t\t\t\t\t<span class=\"gb-author-origin\">\n\t\t\t\t\t\t\t<span class=\"gb-author-origin-from-text\"> from<\/span>\n\t\t\t\t\t\t\t<span class=\"gb-author-origin-text\"> Corseaux<\/span>\n\t\t\t\t\t\t<\/span>\n\t\t\t\t\t\t<span class=\"gb-datetime\">\n\t\t\t\t\t\t\t<span class=\"gb-date\"><span class=\"gb-date-wrote-text\"> wrote on<\/span><span class=\"gb-date-text\"> February 17, 2020<\/span>\n\t\t\t\t\t\t\t<\/span><span class=\"gb-time\">\n\t\t\t\t\t\t\t\t\t<span class=\"gb-time-at-text\"> at<\/span>\n\t\t\t\t\t\t\t\t\t<span class=\"gb-time-text\"> 4:53 pm<\/span>\n\t\t\t\t\t\t\t\t<\/span>\n\t\t\t\t\t\t<\/span> \n\t\t\t\t\t<\/div>\n\t\t\t\t\t<div class=\"gb-entry-content\">Hell\u2026.eau..... Yannis ! Nous esp\u00e9rons de tout c\u0153ur que toute ta merveilleuse famille va bien en ce d\u00e9but d&#039;ann\u00e9e. Un couple d&#039;amis \u00e2g\u00e9s, Fanny et Georges, que vous avez vu il y a env. 15 ans , souhaitent revenir en mai \u00e0 Milos pour une semaine ou deux. Es-tu int\u00e9ress\u00e9 \u00e0 leur proposer un logement \u00e0 Pollonia ? Merci de ta r\u00e9ponse par message ou t\u00e9l\u00e9phone \u00e0 mon num\u00e9ro.(+41794472511). Nous nous r\u00e9jouissons de vos nouvelles et vous embrassons tr\u00e8s amicalement.\nJoanna et Patrik.\n\t\t\t\t\t<\/div>\n\t\t\t\t<\/article>\n\t\t\t<\/div>\n\t\t\t<div class=\"gb-entry gb-entry_10 gb-entry-count_7 gwolle-gb-uneven\" id=\"gb-entry_10\" data-entry_id=\"10\">\n\t\t\t\t<article>\n\t\t\t\t\t<div class=\"gb-author-info\">\n\t\t\t\t\t\t<span class=\"gb-author-avatar\"><img referrerpolicy=\"no-referrer\" alt='mauneau' src='https:\/\/secure.gravatar.com\/avatar\/47bd5f1594c1797d61cbf4b418367e82?s=32&#038;d=mm&#038;r=g' srcset='https:\/\/secure.gravatar.com\/avatar\/47bd5f1594c1797d61cbf4b418367e82?s=64&#038;d=mm&#038;r=g 2x' class='avatar avatar-32 photo' height='32' width='32' loading='lazy'\/><\/span>\n\t\t\t\t\t\t<span class=\"gb-author-name\">mauneau\n\t\t\t\t\t\t<\/span>\n\t\t\t\t\t\t<span class=\"gb-author-origin\">\n\t\t\t\t\t\t\t<span class=\"gb-author-origin-from-text\"> from<\/span>\n\t\t\t\t\t\t\t<span class=\"gb-author-origin-text\"> Pollonia<\/span>\n\t\t\t\t\t\t<\/span>\n\t\t\t\t\t\t<span class=\"gb-datetime\">\n\t\t\t\t\t\t\t<span class=\"gb-date\"><span class=\"gb-date-wrote-text\"> wrote on<\/span><span class=\"gb-date-text\"> September 13, 2019<\/span>\n\t\t\t\t\t\t\t<\/span><span class=\"gb-time\">\n\t\t\t\t\t\t\t\t\t<span class=\"gb-time-at-text\"> at<\/span>\n\t\t\t\t\t\t\t\t\t<span class=\"gb-time-text\"> 12:01 pm<\/span>\n\t\t\t\t\t\t\t\t<\/span>\n\t\t\t\t\t\t<\/span> \n\t\t\t\t\t<\/div>\n\t\t\t\t\t<div class=\"gb-entry-content\">Merci \u00e0 vous pour ces bons moments.\n J&#039;ai beaucoup appr\u00e9ci\u00e9 le fait d&#039;\u00eatre un petit groupe. Les \u00e9changes se sont faits tout de suite. Agr\u00e9able la pause repas sur cette  petite plage tranquille et nature. Les instants de plong\u00e9es toujours des grands moments. J&#039;aime tant revivre l&#039;esprit plongeur. Merci. Christine\n\t\t\t\t\t<\/div>\n\t\t\t\t<\/article>\n\t\t\t<\/div>\n\t\t\t<div class=\"gb-entry gb-entry_1 gb-entry-count_8 gwolle-gb-even\" id=\"gb-entry_1\" data-entry_id=\"1\">\n\t\t\t\t<article>\n\t\t\t\t\t<div class=\"gb-author-info\">\n\t\t\t\t\t\t<span class=\"gb-author-avatar\"><img referrerpolicy=\"no-referrer\" alt='Gerasimos' src='https:\/\/secure.gravatar.com\/avatar\/f2786b31bc3a08af062222d975a98c65?s=32&#038;d=mm&#038;r=g' srcset='https:\/\/secure.gravatar.com\/avatar\/f2786b31bc3a08af062222d975a98c65?s=64&#038;d=mm&#038;r=g 2x' class='avatar avatar-32 photo' height='32' width='32' loading='lazy'\/><\/span>\n\t\t\t\t\t\t<span class=\"gb-author-name\"><i class=\"gb-moderator\">Gerasimos<\/i>\n\t\t\t\t\t\t<\/span>\n\t\t\t\t\t\t<span class=\"gb-author-origin\">\n\t\t\t\t\t\t\t<span class=\"gb-author-origin-from-text\"> from<\/span>\n\t\t\t\t\t\t\t<span class=\"gb-author-origin-text\"> Athens<\/span>\n\t\t\t\t\t\t<\/span>\n\t\t\t\t\t\t<span class=\"gb-datetime\">\n\t\t\t\t\t\t\t<span class=\"gb-date\"><span class=\"gb-date-wrote-text\"> wrote on<\/span><span class=\"gb-date-text\"> January 27, 2019<\/span>\n\t\t\t\t\t\t\t<\/span><span class=\"gb-time\">\n\t\t\t\t\t\t\t\t\t<span class=\"gb-time-at-text\"> at<\/span>\n\t\t\t\t\t\t\t\t\t<span class=\"gb-time-text\"> 9:04 am<\/span>\n\t\t\t\t\t\t\t\t<\/span>\n\t\t\t\t\t\t<\/span> \n\t\t\t\t\t<\/div>\n\t\t\t\t\t<div class=\"gb-entry-content\">Thank you Yiannis.Great experience!\n\t\t\t\t\t<\/div>\n\t\t\t\t<\/article>\n\t\t\t<\/div>\n\t\t\t<\/div><\/div>\n","protected":false},"excerpt":{"rendered":"","protected":false},"author":1,"featured_media":0,"parent":0,"menu_order":0,"comment_status":"closed","ping_status":"closed","template":"","meta":[],"_links":{"self":[{"href":"https:\/\/milosdiving.gr\/index.php?rest_route=\/wp\/v2\/pages\/250"}],"collection":[{"href":"https:\/\/milosdiving.gr\/index.php?rest_route=\/wp\/v2\/pages"}],"about":[{"href":"https:\/\/milosdiving.gr\/index.php?rest_route=\/wp\/v2\/types\/page"}],"author":[{"embeddable":true,"href":"https:\/\/milosdiving.gr\/index.php?rest_route=\/wp\/v2\/users\/1"}],"replies":[{"embeddable":true,"href":"https:\/\/milosdiving.gr\/index.php?rest_route=%2Fwp%2Fv2%2Fcomments&post=250"}],"version-history":[{"count":0,"href":"https:\/\/milosdiving.gr\/index.php?rest_route=\/wp\/v2\/pages\/250\/revisions"}],"wp:attachment":[{"href":"https:\/\/milosdiving.gr\/index.php?rest_route=%2Fwp%2Fv2%2Fmedia&parent=250"}],"curies":[{"name":"wp","href":"https:\/\/api.w.org\/{rel}","templated":true}]}}