{"id":255,"date":"2019-01-24T19:31:14","date_gmt":"2019-01-24T17:31:14","guid":{"rendered":"http:\/\/milosdiving.sokarisg.eu\/?page_id=2"},"modified":"2025-01-13T21:02:59","modified_gmt":"2025-01-13T19:02:59","slug":"welcome-2","status":"publish","type":"page","link":"https:\/\/milosdiving.gr\/?page_id=255&lang=fr","title":{"rendered":"Bienvenue au Milos Diving Center"},"content":{"rendered":"<p>Le \u00a0Milos diving center \u00a0a ouvert \u00a0\u00e0 Milos depuis \u00a01996. Nous sommes la premi\u00e8re \u00e9cole de plong\u00e9e reconnue \u00a0dans le triangle Milos-Kimolos-Poliegos. \u00a0S\u00e9curit\u00e9 et plaisir sont nos valeurs \u00a0pour profiter pleinement \u00a0de votre \u00a0plong\u00e9e \u00a0avec nous. Vous y apprenez la plong\u00e9e dans une \u00a0formation de haute qualit\u00e9, des d\u00e9butants aux plongeurs exp\u00e9riment\u00e9s \u00a0selon les comp\u00e9tences de PADI (Association professionnelle des instructeurs de plong\u00e9e) et de la F\u00e9d\u00e9ration Fran\u00e7aise d\u2019\u00e9ducation des sports sous marins (FFESSM \u2013 CMAS).<\/p>\r\n<p>&nbsp;<\/p>\r\n\r\n\t<div class=\"featured-content-list design-3 \">\r\n\t\t<div class=\"featured-content first wp-medium-4 wpcolumns\">\r\n\t<div class=\"featured-content-image square\">\r\n\t\t<img width=\"64\" height=\"64\" src=\"http:\/\/milosdiving.gr\/wp-content\/uploads\/2019\/01\/time-1.png\" class=\"attachment-100x100 size-100x100 wp-post-image\" alt=\"\" loading=\"lazy\" \/>\t<\/div>\r\n\t<div class=\"featured-content\">\r\n\t\t<h3 class=\"entry-title\">\r\n\t\t\t29\t\t<\/h3>\r\n\r\n\t\t\t\t\t<div class=\"featured_short_content\">\r\n\t\t\t\t<div class=\"sub-content\">ann\u00e9es d'activit\u00e9<\/div>\r\n\t\t\t<\/div>\r\n\t\t\t<\/div>\r\n<\/div><div class=\"featured-content wp-medium-4 wpcolumns\">\r\n\t<div class=\"featured-content-image square\">\r\n\t\t<img width=\"100\" height=\"100\" src=\"http:\/\/milosdiving.gr\/wp-content\/uploads\/2019\/01\/anker-100x100.png\" class=\"attachment-100x100 size-100x100 wp-post-image\" alt=\"\" loading=\"lazy\" srcset=\"http:\/\/milosdiving.gr\/wp-content\/uploads\/2019\/01\/anker-100x100.png 100w, http:\/\/milosdiving.gr\/wp-content\/uploads\/2019\/01\/anker-150x150.png 150w, http:\/\/milosdiving.gr\/wp-content\/uploads\/2019\/01\/anker-300x300.png 300w, http:\/\/milosdiving.gr\/wp-content\/uploads\/2019\/01\/anker-230x230.png 230w, http:\/\/milosdiving.gr\/wp-content\/uploads\/2019\/01\/anker-350x350.png 350w, http:\/\/milosdiving.gr\/wp-content\/uploads\/2019\/01\/anker-480x480.png 480w, http:\/\/milosdiving.gr\/wp-content\/uploads\/2019\/01\/anker.png 512w\" sizes=\"(max-width: 100px) 100vw, 100px\" \/>\t<\/div>\r\n\t<div class=\"featured-content\">\r\n\t\t<h3 class=\"entry-title\">\r\n\t\t\t100\t\t<\/h3>\r\n\r\n\t\t\t\t\t<div class=\"featured_short_content\">\r\n\t\t\t\t<div class=\"sub-content\">au moins des sites de plong\u00e9e<\/div>\r\n\t\t\t<\/div>\r\n\t\t\t<\/div>\r\n<\/div><div class=\"featured-content wp-medium-4 wpcolumns\">\r\n\t<div class=\"featured-content-image square\">\r\n\t\t<img width=\"100\" height=\"100\" src=\"http:\/\/milosdiving.gr\/wp-content\/uploads\/2019\/01\/scuba-icon-100x100.png\" class=\"attachment-100x100 size-100x100 wp-post-image\" alt=\"\" loading=\"lazy\" srcset=\"http:\/\/milosdiving.gr\/wp-content\/uploads\/2019\/01\/scuba-icon-100x100.png 100w, http:\/\/milosdiving.gr\/wp-content\/uploads\/2019\/01\/scuba-icon-150x150.png 150w, http:\/\/milosdiving.gr\/wp-content\/uploads\/2019\/01\/scuba-icon-300x300.png 300w, http:\/\/milosdiving.gr\/wp-content\/uploads\/2019\/01\/scuba-icon-230x230.png 230w, http:\/\/milosdiving.gr\/wp-content\/uploads\/2019\/01\/scuba-icon-350x350.png 350w, http:\/\/milosdiving.gr\/wp-content\/uploads\/2019\/01\/scuba-icon-480x480.png 480w, http:\/\/milosdiving.gr\/wp-content\/uploads\/2019\/01\/scuba-icon.png 512w\" sizes=\"(max-width: 100px) 100vw, 100px\" \/>\t<\/div>\r\n\t<div class=\"featured-content\">\r\n\t\t<h3 class=\"entry-title\">\r\n\t\t\t30000\t\t<\/h3>\r\n\r\n\t\t\t\t\t<div class=\"featured_short_content\">\r\n\t\t\t\t<div class=\"sub-content\">plong\u00e9es jusqu'\u00e0 pr\u00e9sent<\/div>\r\n\t\t\t<\/div>\r\n\t\t\t<\/div>\r\n<\/div>\t<\/div>\r\n\r\n\t\r\n\r\n\r\n\r\n<p>&nbsp;<\/p>\r\n","protected":false},"excerpt":{"rendered":"<p>Le \u00a0Milos diving center \u00a0a ouvert \u00a0\u00e0 Milos depuis \u00a01996. Nous sommes la premi\u00e8re \u00e9cole de plong\u00e9e reconnue \u00a0dans le triangle Milos-Kimolos-Poliegos. [&hellip;]<\/p>\n","protected":false},"author":1,"featured_media":0,"parent":0,"menu_order":0,"comment_status":"closed","ping_status":"closed","template":"","meta":[],"_links":{"self":[{"href":"http:\/\/milosdiving.gr\/index.php?rest_route=\/wp\/v2\/pages\/255"}],"collection":[{"href":"http:\/\/milosdiving.gr\/index.php?rest_route=\/wp\/v2\/pages"}],"about":[{"href":"http:\/\/milosdiving.gr\/index.php?rest_route=\/wp\/v2\/types\/page"}],"author":[{"embeddable":true,"href":"http:\/\/milosdiving.gr\/index.php?rest_route=\/wp\/v2\/users\/1"}],"replies":[{"embeddable":true,"href":"http:\/\/milosdiving.gr\/index.php?rest_route=%2Fwp%2Fv2%2Fcomments&post=255"}],"version-history":[{"count":14,"href":"http:\/\/milosdiving.gr\/index.php?rest_route=\/wp\/v2\/pages\/255\/revisions"}],"predecessor-version":[{"id":665,"href":"http:\/\/milosdiving.gr\/index.php?rest_route=\/wp\/v2\/pages\/255\/revisions\/665"}],"wp:attachment":[{"href":"http:\/\/milosdiving.gr\/index.php?rest_route=%2Fwp%2Fv2%2Fmedia&parent=255"}],"curies":[{"name":"wp","href":"https:\/\/api.w.org\/{rel}","templated":true}]}}